{"id":815,"date":"2021-05-31T11:24:39","date_gmt":"2021-05-31T09:24:39","guid":{"rendered":"http:\/\/alabellehistoire.fr\/?page_id=815"},"modified":"2021-05-31T23:40:55","modified_gmt":"2021-05-31T21:40:55","slug":"les-activites","status":"publish","type":"page","link":"https:\/\/alabellehistoire.fr\/index.php\/les-activites\/","title":{"rendered":"Les activit\u00e9s"},"content":{"rendered":"\t\t<div data-elementor-type=\"wp-page\" data-elementor-id=\"815\" class=\"elementor elementor-815\">\n\t\t\t\t\t\t\t\t\t<section class=\"elementor-section elementor-top-section elementor-element elementor-element-aaae056 elementor-section-boxed elementor-section-height-default elementor-section-height-default\" data-id=\"aaae056\" data-element_type=\"section\">\n\t\t\t\t\t\t<div class=\"elementor-container elementor-column-gap-default\">\n\t\t\t\t\t<div class=\"elementor-column elementor-col-100 elementor-top-column elementor-element elementor-element-70a6302\" data-id=\"70a6302\" data-element_type=\"column\">\n\t\t\t<div class=\"elementor-widget-wrap elementor-element-populated\">\n\t\t\t\t\t\t\t\t<div class=\"elementor-element elementor-element-cad6c02 elementor-widget elementor-widget-heading\" data-id=\"cad6c02\" data-element_type=\"widget\" data-widget_type=\"heading.default\">\n\t\t\t\t<div class=\"elementor-widget-container\">\n\t\t\t<h2 class=\"elementor-heading-title elementor-size-default\">LES ACTIVIT\u00c9S<\/h2>\t\t<\/div>\n\t\t\t\t<\/div>\n\t\t\t\t\t<\/div>\n\t\t<\/div>\n\t\t\t\t\t\t\t<\/div>\n\t\t<\/section>\n\t\t\t\t<section class=\"elementor-section elementor-top-section elementor-element elementor-element-7ccdc98 elementor-section-boxed elementor-section-height-default elementor-section-height-default\" data-id=\"7ccdc98\" data-element_type=\"section\">\n\t\t\t\t\t\t<div class=\"elementor-container elementor-column-gap-no\">\n\t\t\t\t\t<div class=\"elementor-column elementor-col-100 elementor-top-column elementor-element elementor-element-c49b78e\" data-id=\"c49b78e\" data-element_type=\"column\">\n\t\t\t<div class=\"elementor-widget-wrap elementor-element-populated\">\n\t\t\t\t\t\t\t\t<section class=\"elementor-section elementor-inner-section elementor-element elementor-element-a145103 elementor-section-full_width elementor-section-height-default elementor-section-height-default\" data-id=\"a145103\" data-element_type=\"section\">\n\t\t\t\t\t\t<div class=\"elementor-container elementor-column-gap-default\">\n\t\t\t\t\t<div class=\"elementor-column elementor-col-50 elementor-inner-column elementor-element elementor-element-e805eb1\" data-id=\"e805eb1\" data-element_type=\"column\">\n\t\t\t<div class=\"elementor-widget-wrap elementor-element-populated\">\n\t\t\t\t\t\t\t\t<div class=\"elementor-element elementor-element-ffe8d2d elementor-widget elementor-widget-text-editor\" data-id=\"ffe8d2d\" data-element_type=\"widget\" data-widget_type=\"text-editor.default\">\n\t\t\t\t<div class=\"elementor-widget-container\">\n\t\t\t\t\t\t\tClass\u00e9 \u00ab\u00a0plus beaux villages de France\u00a0\u00bb et labellis\u00e9 \u00ab\u00a0Grand site d\u2019Occitanie\u00a0\u00bb \u00e0 Bruniquel \u00ab\u00a0Attendez-vous \u00e0 l\u2019inattendu\u00a0! \u00bb\nCeintur\u00e9 par la v\u00e9g\u00e9tation luxuriante et verdoyante de la for\u00eat de la Gr\u00e9signe, le village garde un aspect authentique et chaleureux. Son d\u00e9dale de ruelles pentues serpentant \u00e0 travers les maisons de pierre offre un cadre enchanteur propice \u00e0 des balades agr\u00e9ables et reposantes.\t\t\t\t\t\t<\/div>\n\t\t\t\t<\/div>\n\t\t\t\t\t<\/div>\n\t\t<\/div>\n\t\t\t\t<div class=\"elementor-column elementor-col-50 elementor-inner-column elementor-element elementor-element-7b33026\" data-id=\"7b33026\" data-element_type=\"column\">\n\t\t\t<div class=\"elementor-widget-wrap elementor-element-populated\">\n\t\t\t\t\t\t\t\t<div class=\"elementor-element elementor-element-e091ac5 elementor-widget elementor-widget-image\" data-id=\"e091ac5\" data-element_type=\"widget\" data-widget_type=\"image.default\">\n\t\t\t\t<div class=\"elementor-widget-container\">\n\t\t\t\t\t\t\t\t\t\t\t\t\t\t\t<img loading=\"lazy\" decoding=\"async\" width=\"1024\" height=\"768\" src=\"https:\/\/alabellehistoire.fr\/wp-content\/uploads\/2021\/05\/bruniquel-vue-chateau-et-falaise-1024x768.jpg\" class=\"attachment-large size-large wp-image-817\" alt=\"\" srcset=\"https:\/\/alabellehistoire.fr\/wp-content\/uploads\/2021\/05\/bruniquel-vue-chateau-et-falaise-1024x768.jpg 1024w, https:\/\/alabellehistoire.fr\/wp-content\/uploads\/2021\/05\/bruniquel-vue-chateau-et-falaise-300x225.jpg 300w, https:\/\/alabellehistoire.fr\/wp-content\/uploads\/2021\/05\/bruniquel-vue-chateau-et-falaise-768x576.jpg 768w, https:\/\/alabellehistoire.fr\/wp-content\/uploads\/2021\/05\/bruniquel-vue-chateau-et-falaise-1536x1152.jpg 1536w, https:\/\/alabellehistoire.fr\/wp-content\/uploads\/2021\/05\/bruniquel-vue-chateau-et-falaise.jpg 2000w\" sizes=\"auto, (max-width: 1024px) 100vw, 1024px\" \/>\t\t\t\t\t\t\t\t\t\t\t\t\t\t\t<\/div>\n\t\t\t\t<\/div>\n\t\t\t\t\t<\/div>\n\t\t<\/div>\n\t\t\t\t\t\t\t<\/div>\n\t\t<\/section>\n\t\t\t\t\t<\/div>\n\t\t<\/div>\n\t\t\t\t\t\t\t<\/div>\n\t\t<\/section>\n\t\t\t\t<section class=\"elementor-section elementor-top-section elementor-element elementor-element-7d63e95 elementor-section-boxed elementor-section-height-default elementor-section-height-default\" data-id=\"7d63e95\" data-element_type=\"section\">\n\t\t\t\t\t\t<div class=\"elementor-container elementor-column-gap-default\">\n\t\t\t\t\t<div class=\"elementor-column elementor-col-100 elementor-top-column elementor-element elementor-element-f72d36d\" data-id=\"f72d36d\" data-element_type=\"column\">\n\t\t\t<div class=\"elementor-widget-wrap elementor-element-populated\">\n\t\t\t\t\t\t\t\t<div class=\"elementor-element elementor-element-bd5e466 elementor-widget elementor-widget-text-editor\" data-id=\"bd5e466\" data-element_type=\"widget\" data-widget_type=\"text-editor.default\">\n\t\t\t\t<div class=\"elementor-widget-container\">\n\t\t\t\t\t\t\tA Bruniquel il y en a pour tous les go\u00fbts et tous les \u00e2ges.\n\nLes amateurs d\u2019histoire trouveronat des t\u00e9moignages de la civilisation magdal\u00e9nienne\u00a0: abris sous roche, grottes, objets d\u2019art pal\u00e9olithique. Et pourront d\u00e9couvrir le film retra\u00e7ant la d\u00e9couverte r\u00e9cente de la pr\u00e9sence de l\u2019homme de Neandertal \u00e0 Bruniquel, mais aussi des vestiges du Moyen \u00e2ge : le ch\u00e2teau vieux et ch\u00e2teau jeune, les demeures du XIVe et XVe si\u00e8cles illustrant la richesse du village \u00e0 cette \u00e9poque.\nLes sportifs se r\u00e9galeront sur les chemins de randonn\u00e9es, les pistes de trails ou vtt. \n\nLes plus t\u00e9m\u00e9raires se risqueront \u00e0 escalader les falaises ou \u00e0 descendre l\u2019Aveyron en cano\u00e9. \n\nLes ateliers p\u00e9dagogiques du campement pr\u00e9historique, les balades \u00e0 dos d\u2019\u00e2ne ou \u00e0 cheval enchanteront les enfants.\t\t\t\t\t\t<\/div>\n\t\t\t\t<\/div>\n\t\t\t\t\t<\/div>\n\t\t<\/div>\n\t\t\t\t\t\t\t<\/div>\n\t\t<\/section>\n\t\t\t\t<section class=\"elementor-section elementor-top-section elementor-element elementor-element-c2b023e elementor-section-boxed elementor-section-height-default elementor-section-height-default\" data-id=\"c2b023e\" data-element_type=\"section\">\n\t\t\t\t\t\t<div class=\"elementor-container elementor-column-gap-default\">\n\t\t\t\t\t<div class=\"elementor-column elementor-col-50 elementor-top-column elementor-element elementor-element-c46050d\" data-id=\"c46050d\" data-element_type=\"column\">\n\t\t\t<div class=\"elementor-widget-wrap elementor-element-populated\">\n\t\t\t\t\t\t\t\t<div class=\"elementor-element elementor-element-7f573ce elementor-widget elementor-widget-image\" data-id=\"7f573ce\" data-element_type=\"widget\" data-widget_type=\"image.default\">\n\t\t\t\t<div class=\"elementor-widget-container\">\n\t\t\t\t\t\t\t\t\t\t\t\t\t\t\t<img loading=\"lazy\" decoding=\"async\" width=\"885\" height=\"500\" src=\"https:\/\/alabellehistoire.fr\/wp-content\/uploads\/2021\/05\/image.jpg\" class=\"attachment-full size-full wp-image-818\" alt=\"\" srcset=\"https:\/\/alabellehistoire.fr\/wp-content\/uploads\/2021\/05\/image.jpg 885w, https:\/\/alabellehistoire.fr\/wp-content\/uploads\/2021\/05\/image-300x169.jpg 300w, https:\/\/alabellehistoire.fr\/wp-content\/uploads\/2021\/05\/image-768x434.jpg 768w\" sizes=\"auto, (max-width: 885px) 100vw, 885px\" \/>\t\t\t\t\t\t\t\t\t\t\t\t\t\t\t<\/div>\n\t\t\t\t<\/div>\n\t\t\t\t\t<\/div>\n\t\t<\/div>\n\t\t\t\t<div class=\"elementor-column elementor-col-50 elementor-top-column elementor-element elementor-element-cfa7339\" data-id=\"cfa7339\" data-element_type=\"column\">\n\t\t\t<div class=\"elementor-widget-wrap elementor-element-populated\">\n\t\t\t\t\t\t\t\t<div class=\"elementor-element elementor-element-bc8cdda elementor-widget elementor-widget-text-editor\" data-id=\"bc8cdda\" data-element_type=\"widget\" data-widget_type=\"text-editor.default\">\n\t\t\t\t<div class=\"elementor-widget-container\">\n\t\t\t\t\t\t\tVillage de culture, Bruniquel vous plongera aussi dans les diff\u00e9rents manifestations et festivals qui rythment la saison estivale\u00a0: concert, festivals des ch\u00e2teaux dont le grand festival d\u2019Offenbach, march\u00e9s aux fleurs, vide greniers, les expositions temporaires de photos, peintures, etc.\nLe film r\u00e9alis\u00e9 en 1975 par Roberto Enrico\u00a0: \u00ab\u00a0Le vieux fusil\u00a0\u00bb a \u00e9t\u00e9 l\u2019occasion pour les bruniquelais de c\u00f4toyer Romy Schneider et Philippe Noiret. Il fait l\u2019objet d\u2019une exposition permanente au ch\u00e2teau.\n\nDe par sa situation les gorges de l\u2019Aveyron, \u00e0 proximit\u00e9 de Montauban (20mn), Gaillac (37mn),Moissac (60mn), et les villes du triangle d\u2019or\u00a0: Albi (50mn), Toulouse (70 mn).La situation du village permet de passer des vacances tourn\u00e9es vers le tourisme urbain et culturel\u00a0(march\u00e9s, mus\u00e9es, route des vins).\t\t\t\t\t\t<\/div>\n\t\t\t\t<\/div>\n\t\t\t\t\t<\/div>\n\t\t<\/div>\n\t\t\t\t\t\t\t<\/div>\n\t\t<\/section>\n\t\t\t\t\t\t\t<\/div>\n\t\t","protected":false},"excerpt":{"rendered":"<p>LES ACTIVIT\u00c9S Class\u00e9 \u00ab\u00a0plus beaux villages de France\u00a0\u00bb et labellis\u00e9 \u00ab\u00a0Grand site d\u2019Occitanie\u00a0\u00bb \u00e0 Bruniquel \u00ab\u00a0Attendez-vous \u00e0 l\u2019inattendu\u00a0! \u00bb Ceintur\u00e9 par la v\u00e9g\u00e9tation luxuriante et verdoyante de la for\u00eat de la Gr\u00e9signe, le village garde un aspect authentique et chaleureux. Son d\u00e9dale de ruelles pentues serpentant \u00e0 travers les maisons de pierre offre un cadre [&hellip;]<\/p>\n","protected":false},"author":1,"featured_media":0,"parent":0,"menu_order":0,"comment_status":"closed","ping_status":"closed","template":"","meta":{"ocean_post_layout":"","ocean_both_sidebars_style":"","ocean_both_sidebars_content_width":0,"ocean_both_sidebars_sidebars_width":0,"ocean_sidebar":"0","ocean_second_sidebar":"0","ocean_disable_margins":"enable","ocean_add_body_class":"","ocean_shortcode_before_top_bar":"","ocean_shortcode_after_top_bar":"","ocean_shortcode_before_header":"","ocean_shortcode_after_header":"","ocean_has_shortcode":"","ocean_shortcode_after_title":"","ocean_shortcode_before_footer_widgets":"","ocean_shortcode_after_footer_widgets":"","ocean_shortcode_before_footer_bottom":"","ocean_shortcode_after_footer_bottom":"","ocean_display_top_bar":"default","ocean_display_header":"default","ocean_header_style":"","ocean_center_header_left_menu":"0","ocean_custom_header_template":"0","ocean_custom_logo":0,"ocean_custom_retina_logo":0,"ocean_custom_logo_max_width":0,"ocean_custom_logo_tablet_max_width":0,"ocean_custom_logo_mobile_max_width":0,"ocean_custom_logo_max_height":0,"ocean_custom_logo_tablet_max_height":0,"ocean_custom_logo_mobile_max_height":0,"ocean_header_custom_menu":"0","ocean_menu_typo_font_family":"0","ocean_menu_typo_font_subset":"","ocean_menu_typo_font_size":0,"ocean_menu_typo_font_size_tablet":0,"ocean_menu_typo_font_size_mobile":0,"ocean_menu_typo_font_size_unit":"px","ocean_menu_typo_font_weight":"","ocean_menu_typo_font_weight_tablet":"","ocean_menu_typo_font_weight_mobile":"","ocean_menu_typo_transform":"","ocean_menu_typo_transform_tablet":"","ocean_menu_typo_transform_mobile":"","ocean_menu_typo_line_height":0,"ocean_menu_typo_line_height_tablet":0,"ocean_menu_typo_line_height_mobile":0,"ocean_menu_typo_line_height_unit":"","ocean_menu_typo_spacing":0,"ocean_menu_typo_spacing_tablet":0,"ocean_menu_typo_spacing_mobile":0,"ocean_menu_typo_spacing_unit":"","ocean_menu_link_color":"","ocean_menu_link_color_hover":"","ocean_menu_link_color_active":"","ocean_menu_link_background":"","ocean_menu_link_hover_background":"","ocean_menu_link_active_background":"","ocean_menu_social_links_bg":"","ocean_menu_social_hover_links_bg":"","ocean_menu_social_links_color":"","ocean_menu_social_hover_links_color":"","ocean_disable_title":"default","ocean_disable_heading":"default","ocean_post_title":"","ocean_post_subheading":"","ocean_post_title_style":"","ocean_post_title_background_color":"","ocean_post_title_background":0,"ocean_post_title_bg_image_position":"","ocean_post_title_bg_image_attachment":"","ocean_post_title_bg_image_repeat":"","ocean_post_title_bg_image_size":"","ocean_post_title_height":0,"ocean_post_title_bg_overlay":0.5,"ocean_post_title_bg_overlay_color":"","ocean_disable_breadcrumbs":"default","ocean_breadcrumbs_color":"","ocean_breadcrumbs_separator_color":"","ocean_breadcrumbs_links_color":"","ocean_breadcrumbs_links_hover_color":"","ocean_display_footer_widgets":"default","ocean_display_footer_bottom":"default","ocean_custom_footer_template":"0","footnotes":""},"class_list":["post-815","page","type-page","status-publish","hentry","entry"],"yoast_head":"<!-- This site is optimized with the Yoast SEO plugin v24.9 - https:\/\/yoast.com\/wordpress\/plugins\/seo\/ -->\n<title>Les activit\u00e9s - \u00c0 la belle histoire<\/title>\n<meta name=\"robots\" content=\"index, follow, max-snippet:-1, max-image-preview:large, max-video-preview:-1\" \/>\n<link rel=\"canonical\" href=\"https:\/\/alabellehistoire.fr\/index.php\/les-activites\/\" \/>\n<meta property=\"og:locale\" content=\"fr_FR\" \/>\n<meta property=\"og:type\" content=\"article\" \/>\n<meta property=\"og:title\" content=\"Les activit\u00e9s - \u00c0 la belle histoire\" \/>\n<meta property=\"og:description\" content=\"LES ACTIVIT\u00c9S Class\u00e9 \u00ab\u00a0plus beaux villages de France\u00a0\u00bb et labellis\u00e9 \u00ab\u00a0Grand site d\u2019Occitanie\u00a0\u00bb \u00e0 Bruniquel \u00ab\u00a0Attendez-vous \u00e0 l\u2019inattendu\u00a0! \u00bb Ceintur\u00e9 par la v\u00e9g\u00e9tation luxuriante et verdoyante de la for\u00eat de la Gr\u00e9signe, le village garde un aspect authentique et chaleureux. Son d\u00e9dale de ruelles pentues serpentant \u00e0 travers les maisons de pierre offre un cadre [&hellip;]\" \/>\n<meta property=\"og:url\" content=\"https:\/\/alabellehistoire.fr\/index.php\/les-activites\/\" \/>\n<meta property=\"og:site_name\" content=\"\u00c0 la belle histoire\" \/>\n<meta property=\"article:modified_time\" content=\"2021-05-31T21:40:55+00:00\" \/>\n<meta property=\"og:image\" content=\"http:\/\/alabellehistoire.fr\/wp-content\/uploads\/2021\/05\/bruniquel-vue-chateau-et-falaise-1024x768.jpg\" \/>\n<meta name=\"twitter:card\" content=\"summary_large_image\" \/>\n<meta name=\"twitter:label1\" content=\"Dur\u00e9e de lecture estim\u00e9e\" \/>\n\t<meta name=\"twitter:data1\" content=\"2 minutes\" \/>\n<script type=\"application\/ld+json\" class=\"yoast-schema-graph\">{\"@context\":\"https:\/\/schema.org\",\"@graph\":[{\"@type\":\"WebPage\",\"@id\":\"https:\/\/alabellehistoire.fr\/index.php\/les-activites\/\",\"url\":\"https:\/\/alabellehistoire.fr\/index.php\/les-activites\/\",\"name\":\"Les activit\u00e9s - \u00c0 la belle histoire\",\"isPartOf\":{\"@id\":\"https:\/\/alabellehistoire.fr\/#website\"},\"primaryImageOfPage\":{\"@id\":\"https:\/\/alabellehistoire.fr\/index.php\/les-activites\/#primaryimage\"},\"image\":{\"@id\":\"https:\/\/alabellehistoire.fr\/index.php\/les-activites\/#primaryimage\"},\"thumbnailUrl\":\"http:\/\/alabellehistoire.fr\/wp-content\/uploads\/2021\/05\/bruniquel-vue-chateau-et-falaise-1024x768.jpg\",\"datePublished\":\"2021-05-31T09:24:39+00:00\",\"dateModified\":\"2021-05-31T21:40:55+00:00\",\"breadcrumb\":{\"@id\":\"https:\/\/alabellehistoire.fr\/index.php\/les-activites\/#breadcrumb\"},\"inLanguage\":\"fr-FR\",\"potentialAction\":[{\"@type\":\"ReadAction\",\"target\":[\"https:\/\/alabellehistoire.fr\/index.php\/les-activites\/\"]}]},{\"@type\":\"ImageObject\",\"inLanguage\":\"fr-FR\",\"@id\":\"https:\/\/alabellehistoire.fr\/index.php\/les-activites\/#primaryimage\",\"url\":\"https:\/\/alabellehistoire.fr\/wp-content\/uploads\/2021\/05\/bruniquel-vue-chateau-et-falaise.jpg\",\"contentUrl\":\"https:\/\/alabellehistoire.fr\/wp-content\/uploads\/2021\/05\/bruniquel-vue-chateau-et-falaise.jpg\",\"width\":2000,\"height\":1500},{\"@type\":\"BreadcrumbList\",\"@id\":\"https:\/\/alabellehistoire.fr\/index.php\/les-activites\/#breadcrumb\",\"itemListElement\":[{\"@type\":\"ListItem\",\"position\":1,\"name\":\"Accueil\",\"item\":\"https:\/\/alabellehistoire.fr\/\"},{\"@type\":\"ListItem\",\"position\":2,\"name\":\"Les activit\u00e9s\"}]},{\"@type\":\"WebSite\",\"@id\":\"https:\/\/alabellehistoire.fr\/#website\",\"url\":\"https:\/\/alabellehistoire.fr\/\",\"name\":\"\u00c0 la belle histoire\",\"description\":\"Chambres d&#039;h\u00f4tes \u00e0 Bruniquel (82800)\",\"publisher\":{\"@id\":\"https:\/\/alabellehistoire.fr\/#organization\"},\"potentialAction\":[{\"@type\":\"SearchAction\",\"target\":{\"@type\":\"EntryPoint\",\"urlTemplate\":\"https:\/\/alabellehistoire.fr\/?s={search_term_string}\"},\"query-input\":{\"@type\":\"PropertyValueSpecification\",\"valueRequired\":true,\"valueName\":\"search_term_string\"}}],\"inLanguage\":\"fr-FR\"},{\"@type\":\"Organization\",\"@id\":\"https:\/\/alabellehistoire.fr\/#organization\",\"name\":\"\u00c0 la belle histoire\",\"url\":\"https:\/\/alabellehistoire.fr\/\",\"logo\":{\"@type\":\"ImageObject\",\"inLanguage\":\"fr-FR\",\"@id\":\"https:\/\/alabellehistoire.fr\/#\/schema\/logo\/image\/\",\"url\":\"https:\/\/alabellehistoire.fr\/wp-content\/uploads\/2021\/05\/cropped-LOGO-a-la-belle-histoire_degrade-or.png\",\"contentUrl\":\"https:\/\/alabellehistoire.fr\/wp-content\/uploads\/2021\/05\/cropped-LOGO-a-la-belle-histoire_degrade-or.png\",\"width\":631,\"height\":219,\"caption\":\"\u00c0 la belle histoire\"},\"image\":{\"@id\":\"https:\/\/alabellehistoire.fr\/#\/schema\/logo\/image\/\"}}]}<\/script>\n<!-- \/ Yoast SEO plugin. -->","yoast_head_json":{"title":"Les activit\u00e9s - \u00c0 la belle histoire","robots":{"index":"index","follow":"follow","max-snippet":"max-snippet:-1","max-image-preview":"max-image-preview:large","max-video-preview":"max-video-preview:-1"},"canonical":"https:\/\/alabellehistoire.fr\/index.php\/les-activites\/","og_locale":"fr_FR","og_type":"article","og_title":"Les activit\u00e9s - \u00c0 la belle histoire","og_description":"LES ACTIVIT\u00c9S Class\u00e9 \u00ab\u00a0plus beaux villages de France\u00a0\u00bb et labellis\u00e9 \u00ab\u00a0Grand site d\u2019Occitanie\u00a0\u00bb \u00e0 Bruniquel \u00ab\u00a0Attendez-vous \u00e0 l\u2019inattendu\u00a0! \u00bb Ceintur\u00e9 par la v\u00e9g\u00e9tation luxuriante et verdoyante de la for\u00eat de la Gr\u00e9signe, le village garde un aspect authentique et chaleureux. Son d\u00e9dale de ruelles pentues serpentant \u00e0 travers les maisons de pierre offre un cadre [&hellip;]","og_url":"https:\/\/alabellehistoire.fr\/index.php\/les-activites\/","og_site_name":"\u00c0 la belle histoire","article_modified_time":"2021-05-31T21:40:55+00:00","og_image":[{"url":"http:\/\/alabellehistoire.fr\/wp-content\/uploads\/2021\/05\/bruniquel-vue-chateau-et-falaise-1024x768.jpg","type":"","width":"","height":""}],"twitter_card":"summary_large_image","twitter_misc":{"Dur\u00e9e de lecture estim\u00e9e":"2 minutes"},"schema":{"@context":"https:\/\/schema.org","@graph":[{"@type":"WebPage","@id":"https:\/\/alabellehistoire.fr\/index.php\/les-activites\/","url":"https:\/\/alabellehistoire.fr\/index.php\/les-activites\/","name":"Les activit\u00e9s - \u00c0 la belle histoire","isPartOf":{"@id":"https:\/\/alabellehistoire.fr\/#website"},"primaryImageOfPage":{"@id":"https:\/\/alabellehistoire.fr\/index.php\/les-activites\/#primaryimage"},"image":{"@id":"https:\/\/alabellehistoire.fr\/index.php\/les-activites\/#primaryimage"},"thumbnailUrl":"http:\/\/alabellehistoire.fr\/wp-content\/uploads\/2021\/05\/bruniquel-vue-chateau-et-falaise-1024x768.jpg","datePublished":"2021-05-31T09:24:39+00:00","dateModified":"2021-05-31T21:40:55+00:00","breadcrumb":{"@id":"https:\/\/alabellehistoire.fr\/index.php\/les-activites\/#breadcrumb"},"inLanguage":"fr-FR","potentialAction":[{"@type":"ReadAction","target":["https:\/\/alabellehistoire.fr\/index.php\/les-activites\/"]}]},{"@type":"ImageObject","inLanguage":"fr-FR","@id":"https:\/\/alabellehistoire.fr\/index.php\/les-activites\/#primaryimage","url":"https:\/\/alabellehistoire.fr\/wp-content\/uploads\/2021\/05\/bruniquel-vue-chateau-et-falaise.jpg","contentUrl":"https:\/\/alabellehistoire.fr\/wp-content\/uploads\/2021\/05\/bruniquel-vue-chateau-et-falaise.jpg","width":2000,"height":1500},{"@type":"BreadcrumbList","@id":"https:\/\/alabellehistoire.fr\/index.php\/les-activites\/#breadcrumb","itemListElement":[{"@type":"ListItem","position":1,"name":"Accueil","item":"https:\/\/alabellehistoire.fr\/"},{"@type":"ListItem","position":2,"name":"Les activit\u00e9s"}]},{"@type":"WebSite","@id":"https:\/\/alabellehistoire.fr\/#website","url":"https:\/\/alabellehistoire.fr\/","name":"\u00c0 la belle histoire","description":"Chambres d&#039;h\u00f4tes \u00e0 Bruniquel (82800)","publisher":{"@id":"https:\/\/alabellehistoire.fr\/#organization"},"potentialAction":[{"@type":"SearchAction","target":{"@type":"EntryPoint","urlTemplate":"https:\/\/alabellehistoire.fr\/?s={search_term_string}"},"query-input":{"@type":"PropertyValueSpecification","valueRequired":true,"valueName":"search_term_string"}}],"inLanguage":"fr-FR"},{"@type":"Organization","@id":"https:\/\/alabellehistoire.fr\/#organization","name":"\u00c0 la belle histoire","url":"https:\/\/alabellehistoire.fr\/","logo":{"@type":"ImageObject","inLanguage":"fr-FR","@id":"https:\/\/alabellehistoire.fr\/#\/schema\/logo\/image\/","url":"https:\/\/alabellehistoire.fr\/wp-content\/uploads\/2021\/05\/cropped-LOGO-a-la-belle-histoire_degrade-or.png","contentUrl":"https:\/\/alabellehistoire.fr\/wp-content\/uploads\/2021\/05\/cropped-LOGO-a-la-belle-histoire_degrade-or.png","width":631,"height":219,"caption":"\u00c0 la belle histoire"},"image":{"@id":"https:\/\/alabellehistoire.fr\/#\/schema\/logo\/image\/"}}]}},"_links":{"self":[{"href":"https:\/\/alabellehistoire.fr\/index.php\/wp-json\/wp\/v2\/pages\/815","targetHints":{"allow":["GET"]}}],"collection":[{"href":"https:\/\/alabellehistoire.fr\/index.php\/wp-json\/wp\/v2\/pages"}],"about":[{"href":"https:\/\/alabellehistoire.fr\/index.php\/wp-json\/wp\/v2\/types\/page"}],"author":[{"embeddable":true,"href":"https:\/\/alabellehistoire.fr\/index.php\/wp-json\/wp\/v2\/users\/1"}],"replies":[{"embeddable":true,"href":"https:\/\/alabellehistoire.fr\/index.php\/wp-json\/wp\/v2\/comments?post=815"}],"version-history":[{"count":26,"href":"https:\/\/alabellehistoire.fr\/index.php\/wp-json\/wp\/v2\/pages\/815\/revisions"}],"predecessor-version":[{"id":879,"href":"https:\/\/alabellehistoire.fr\/index.php\/wp-json\/wp\/v2\/pages\/815\/revisions\/879"}],"wp:attachment":[{"href":"https:\/\/alabellehistoire.fr\/index.php\/wp-json\/wp\/v2\/media?parent=815"}],"curies":[{"name":"wp","href":"https:\/\/api.w.org\/{rel}","templated":true}]}}